{"id":8755,"date":"2014-04-01T11:51:14","date_gmt":"2014-04-01T17:51:14","guid":{"rendered":"http:\/\/lchspe.com\/westpark\/?page_id=8755"},"modified":"2021-09-28T13:03:48","modified_gmt":"2021-09-28T19:03:48","slug":"school-supplies","status":"publish","type":"page","link":"https:\/\/www.lakecountyschools.net\/lces\/about-our-school\/school-supplies\/","title":{"rendered":"School Supplies"},"content":{"rendered":"<p style=\"text-align: center\">The school district is only asking that your child bring a backpack to school. We are not asking for any school supplies. Therefore, there is no school supply list! We will be purchasing all of the school supplies for students. Instead of buying school supplies, however, each child must pay $35 as a supply fee to the office upon registration. Payment plans are available. Please speak with office at time of registration.<\/p>\n<p style=\"text-align: center\">\u00a1El Distrito Escolar est\u00e1 solo pidiendo que su ni\u00f1o traiga \u00fanicamente su mochila a la escuela! Nosotros no estamos pidiendo ning\u00fan material escolar. Por lo tanto, \u00a1no hay ninguna lista de materiales escolares! Nosotros compraremos todos los materiales para los estudiantes. En lugar de que compren los materiales escolares, cada ni\u00f1o debe pagar $35.00 como una cuota para los materiales en la oficina cuando se inscriban. Por favor, hable con alguien en la oficina al tiempo de la inscripcion. Gracias.<\/p>\n","protected":false},"excerpt":{"rendered":"<p>The school district is only asking that your child bring a backpack to school. We are not asking for any school supplies. Therefore, there is no school supply list! We will be purchasing all&#46;&#46;&#46;<\/p>\n","protected":false},"author":1,"featured_media":0,"parent":8545,"menu_order":0,"comment_status":"open","ping_status":"closed","template":"","meta":{"footnotes":""},"class_list":["post-8755","page","type-page","status-publish","hentry"],"_links":{"self":[{"href":"https:\/\/www.lakecountyschools.net\/lces\/wp-json\/wp\/v2\/pages\/8755","targetHints":{"allow":["GET"]}}],"collection":[{"href":"https:\/\/www.lakecountyschools.net\/lces\/wp-json\/wp\/v2\/pages"}],"about":[{"href":"https:\/\/www.lakecountyschools.net\/lces\/wp-json\/wp\/v2\/types\/page"}],"author":[{"embeddable":true,"href":"https:\/\/www.lakecountyschools.net\/lces\/wp-json\/wp\/v2\/users\/1"}],"replies":[{"embeddable":true,"href":"https:\/\/www.lakecountyschools.net\/lces\/wp-json\/wp\/v2\/comments?post=8755"}],"version-history":[{"count":0,"href":"https:\/\/www.lakecountyschools.net\/lces\/wp-json\/wp\/v2\/pages\/8755\/revisions"}],"up":[{"embeddable":true,"href":"https:\/\/www.lakecountyschools.net\/lces\/wp-json\/wp\/v2\/pages\/8545"}],"wp:attachment":[{"href":"https:\/\/www.lakecountyschools.net\/lces\/wp-json\/wp\/v2\/media?parent=8755"}],"curies":[{"name":"wp","href":"https:\/\/api.w.org\/{rel}","templated":true}]}}