{"id":8746,"date":"2014-04-01T10:41:45","date_gmt":"2014-04-01T16:41:45","guid":{"rendered":"http:\/\/lchspe.com\/thecenter\/?page_id=8746"},"modified":"2022-04-20T20:07:50","modified_gmt":"2022-04-20T20:07:50","slug":"the-center","status":"publish","type":"page","link":"https:\/\/www.lakecountyschools.net\/thecenter\/the-center\/","title":{"rendered":"The Center"},"content":{"rendered":"<p><strong>Mission Statement:<\/strong> Our mission is to serve and respect children and families by providing research-based early childhood services that promote the development of knowledge, life skills and self-esteem.<\/p>\n<p><strong>Vision Statement:<\/strong> The Center positively impacts the lives of children and families in Lake County by:<\/p>\n<ul>\n<li>Providing a developmentally appropriate, family-focused Early Childhood Care &amp; Education program that meets the needs of a diverse population.<\/li>\n<li>Promoting professional growth for Early Childhood providers in the community<\/li>\n<li>Serving as a community catalyst in creating a seamless, comprehensive Early Childhood Care and Education program where the family and community are a priority.<\/li>\n<\/ul>\n<p><strong>Governing Values:<\/strong><\/p>\n<ul>\n<li>We believe all children, families and staff must be respected for their unique strengths and abilities.<\/li>\n<li>We believe involvement of the family, regardless of its composition, is an important part of enriching each child&#8217;s success.<\/li>\n<li>We believe children have the right to be in a physically, emotionally and mentally safe environment.<\/li>\n<\/ul>\n\n\n<p>&#8230;..<\/p>\n\n\n\n<p><strong>Declaraci\u00f3n de la Misi\u00f3n:<\/strong> Nuestra misi\u00f3n es servir y respetar a los ni\u00f1os y las familias proporcionando servicios de la ni\u00f1ez temprana basados en la investigaci\u00f3n que promuevan el desarrollo del conocimiento, las habilidades de la vida y la autoestima.<\/p>\n\n\n\n<p><strong>Declaraci\u00f3n de visi\u00f3n:<\/strong> El Centro impacta positivamente las vidas de los ni\u00f1os y las familias en el Condado de Lake al:<\/p>\n\n\n\n<ul class=\"wp-block-list\"><li>Proporcionar un programa de cuidado y educaci\u00f3n de la primera infancia orientado a la familia y apropiado para el desarrollo que satisfaga las necesidades de una poblaci\u00f3n diversa.<\/li><li>Promover el crecimiento profesional para los proveedores de la primera infancia en la comunidad<\/li><li>Servir como catalizador comunitario en la creaci\u00f3n de un programa integral de educaci\u00f3n y cuidado de la primera infancia en el que la familia y la comunidad sean una prioridad.<\/li><\/ul>\n\n\n\n<p><strong>Valores rectores:<\/strong><\/p>\n\n\n\n<ul class=\"wp-block-list\"><li>Creemos que todos los ni\u00f1os, familias y personal deben ser respetados por sus fortalezas y habilidades \u00fanicas.<\/li><li>Creemos que la participaci\u00f3n de la familia, independientemente de su composici\u00f3n, es una parte importante del enriquecimiento del \u00e9xito de cada ni\u00f1o.<\/li><li>Creemos que los ni\u00f1os tienen derecho a estar en un ambiente seguro f\u00edsica, emocional y mentalmente<\/li><\/ul>\n","protected":false},"excerpt":{"rendered":"<p>Mission Statement: Our mission is to serve and respect children and families by providing research-based early childhood services that promote the development of knowledge, life skills and self-esteem. Vision Statement: The Center positively impacts the lives of&#46;&#46;&#46;<\/p>\n","protected":false},"author":1,"featured_media":0,"parent":0,"menu_order":0,"comment_status":"open","ping_status":"closed","template":"","meta":{"footnotes":""},"class_list":["post-8746","page","type-page","status-publish","hentry"],"_links":{"self":[{"href":"https:\/\/www.lakecountyschools.net\/thecenter\/wp-json\/wp\/v2\/pages\/8746","targetHints":{"allow":["GET"]}}],"collection":[{"href":"https:\/\/www.lakecountyschools.net\/thecenter\/wp-json\/wp\/v2\/pages"}],"about":[{"href":"https:\/\/www.lakecountyschools.net\/thecenter\/wp-json\/wp\/v2\/types\/page"}],"author":[{"embeddable":true,"href":"https:\/\/www.lakecountyschools.net\/thecenter\/wp-json\/wp\/v2\/users\/1"}],"replies":[{"embeddable":true,"href":"https:\/\/www.lakecountyschools.net\/thecenter\/wp-json\/wp\/v2\/comments?post=8746"}],"version-history":[{"count":0,"href":"https:\/\/www.lakecountyschools.net\/thecenter\/wp-json\/wp\/v2\/pages\/8746\/revisions"}],"wp:attachment":[{"href":"https:\/\/www.lakecountyschools.net\/thecenter\/wp-json\/wp\/v2\/media?parent=8746"}],"curies":[{"name":"wp","href":"https:\/\/api.w.org\/{rel}","templated":true}]}}