{"id":8750,"date":"2014-04-01T10:42:43","date_gmt":"2014-04-01T16:42:43","guid":{"rendered":"http:\/\/lchspe.com\/thecenter\/?page_id=8750"},"modified":"2025-03-28T19:34:46","modified_gmt":"2025-03-28T19:34:46","slug":"colorado-preschool-program","status":"publish","type":"page","link":"https:\/\/www.lakecountyschools.net\/thecenter\/the-center\/colorado-preschool-program\/","title":{"rendered":"Universal Preschool Program"},"content":{"rendered":"<div><\/div>\n<p><strong>For Parents:<br \/>\n<\/strong> The Universal Preschool Program is a state funded school readiness program, providing at least 15 hours a week of early childhood education at no cost to parents.\u00a0 Children must be 4 years old by October 1 of the program year.\u00a0 Families must apply for this program both at The Center and online on the UPK website.\u00a0 Application assistance is available on site.\u00a0 Some families may qualify for additional no-cost preschool hours based on risk factors.\u00a0 The program runs Monday through Thursday each week following the school district calendar.<\/p>\n<p>UPK in Lake County is currently housed at the Center and offers students a well-rounded early childhood experiences using the Creative Curriculum.\u00a0 All staff have been trained in developmentally appropriate practice and how to support children in getting ready for Kindergarten academically, socially, physically and behaviorally.<\/p>\n<p>Children have regularly scheduled times to play with friends inside and outside, interact with books and stories, learn songs and dances, experience a variety of learning centers, participate in field trips and also learn through projects in a variety of domains.<\/p>\n<p>The UPK Family Handbook can be viewed <a href=\"https:\/\/www.lakecountyschools.net\/thecenter\/wp-content\/uploads\/sites\/5\/2025\/03\/UPK-family-handbook-25.26.pdf\">here.<\/a><\/p>\n<p><strong>Para Pades:<\/strong><\/p>\n<div class=\"lXQJBeBG\">\n<p>El Programa Preescolar Universal es un programa estatal de preparaci\u00f3n escolar que brinda al menos 15 horas semanales de educaci\u00f3n infantil sin costo para los padres.\u00a0 Los ni\u00f1os deben tener 4 a\u00f1os antes del 1 de octubre del a\u00f1o del programa.\u00a0 Las familias deben solicitar este programa tanto en The Center como en l\u00ednea en el sitio web de la UPK.\u00a0 La asistencia con la solicitud est\u00e1 disponible en el sitio.\u00a0 Algunas familias pueden calificar para horas preescolares adicionales sin costo seg\u00fan los factores de riesgo.\u00a0 El programa se ejecuta de lunes a jueves cada semana siguiendo el calendario del distrito escolar.<\/p>\n<p>UPK en el condado de Lake se encuentra actualmente ubicado en The Center y ofrece a los estudiantes experiencias integrales de la primera infancia utilizando el plan de estudios creativo.\u00a0 Todo el personal ha sido capacitado en pr\u00e1cticas apropiadas para el desarrollo y en c\u00f3mo ayudar a los ni\u00f1os a prepararse academicamente, social, f\u00edsica y conductualmente para Kinder.<\/p>\n<p>Los ni\u00f1os tienen horarios programados regularmente para jugar con amigos dentro y fuera, interactuar con libros e historias, aprender canciones y bailes, experimentar una variedad de centros de aprendizaje, participar en excursiones y tambi\u00e9n aprender a trav\u00e9s de proyectos en una variedad de dominios.<\/p>\n<\/div>\n<div class=\"S6Ptdvo6 pAqeRhpN\">\n<div class=\"_3oUB8Jd4\">\n<div class=\"_3EuAoX5x Q1LjKOJk _1b6Hvuyq\">\n<div class=\"S6Ptdvo6 pAqeRhpN\">\n<div class=\"_3oUB8Jd4\">\n<div class=\"_2H3G5Kip _1eP7d-J5\">\n<div class=\"_3EuAoX5x Q1LjKOJk _1b6Hvuyq\"><\/div>\n<\/div>\n<\/div>\n<\/div>\n<\/div>\n<\/div>\n<\/div>\n","protected":false},"excerpt":{"rendered":"<p>For Parents: The Universal Preschool Program is a state funded school readiness program, providing at least 15 hours a week of early childhood education at no cost to parents.\u00a0 Children must be 4 years old by October&#46;&#46;&#46;<\/p>\n","protected":false},"author":1,"featured_media":0,"parent":8746,"menu_order":0,"comment_status":"open","ping_status":"closed","template":"","meta":{"footnotes":""},"class_list":["post-8750","page","type-page","status-publish","hentry"],"_links":{"self":[{"href":"https:\/\/www.lakecountyschools.net\/thecenter\/wp-json\/wp\/v2\/pages\/8750","targetHints":{"allow":["GET"]}}],"collection":[{"href":"https:\/\/www.lakecountyschools.net\/thecenter\/wp-json\/wp\/v2\/pages"}],"about":[{"href":"https:\/\/www.lakecountyschools.net\/thecenter\/wp-json\/wp\/v2\/types\/page"}],"author":[{"embeddable":true,"href":"https:\/\/www.lakecountyschools.net\/thecenter\/wp-json\/wp\/v2\/users\/1"}],"replies":[{"embeddable":true,"href":"https:\/\/www.lakecountyschools.net\/thecenter\/wp-json\/wp\/v2\/comments?post=8750"}],"version-history":[{"count":0,"href":"https:\/\/www.lakecountyschools.net\/thecenter\/wp-json\/wp\/v2\/pages\/8750\/revisions"}],"up":[{"embeddable":true,"href":"https:\/\/www.lakecountyschools.net\/thecenter\/wp-json\/wp\/v2\/pages\/8746"}],"wp:attachment":[{"href":"https:\/\/www.lakecountyschools.net\/thecenter\/wp-json\/wp\/v2\/media?parent=8750"}],"curies":[{"name":"wp","href":"https:\/\/api.w.org\/{rel}","templated":true}]}}